{"id":3,"date":"2025-12-22T13:03:29","date_gmt":"2025-12-22T12:03:29","guid":{"rendered":"http:\/\/serenityhillsmarbella.com\/?page_id=3"},"modified":"2026-01-19T11:22:57","modified_gmt":"2026-01-19T10:22:57","slug":"politica-privacidad","status":"publish","type":"page","link":"https:\/\/serenityhillsmarbella.com\/en\/politica-privacidad\/","title":{"rendered":"Pol\u00edtica de privacidad"},"content":{"rendered":"<div data-elementor-type=\"wp-page\" data-elementor-id=\"3\" class=\"elementor elementor-3\" data-elementor-post-type=\"page\">\n\t\t\t\t<div class=\"elementor-element elementor-element-31fd6de e-flex e-con-boxed e-con e-parent\" data-id=\"31fd6de\" data-element_type=\"container\" data-e-type=\"container\" data-settings=\"{&quot;background_background&quot;:&quot;classic&quot;}\">\n\t\t\t\t\t<div class=\"e-con-inner\">\n\t\t\t\t\t<\/div>\n\t\t\t\t<\/div>\n\t\t<div class=\"elementor-element elementor-element-6b1df528 e-flex e-con-boxed e-con e-parent\" data-id=\"6b1df528\" data-element_type=\"container\" data-e-type=\"container\">\n\t\t\t\t\t<div class=\"e-con-inner\">\n\t\t\t\t<div class=\"elementor-element elementor-element-40206b05 elementor-widget elementor-widget-text-editor\" data-id=\"40206b05\" data-element_type=\"widget\" data-e-type=\"widget\" data-widget_type=\"text-editor.default\">\n\t\t\t\t\t\t\t\t\t<h2 data-start=\"181\" data-end=\"206\">Privacy Policy<\/h2>\n<h3 data-start=\"208\" data-end=\"253\">1. Identidad del responsable de los datos<\/h3>\n<p data-start=\"255\" data-end=\"487\">MADRO\u00d1AL PROYECTOS, S.L., con domicilio social en Avenida Ricardo Soriano 55, local 4, 29602 Marbella (Espa\u00f1a) y con CIF B72754039, es titular y administrador del sitio web <a class=\"decorated-link\" href=\"https:\/\/serenityhillsmarbella.com\/en\/\" target=\"_new\" rel=\"noopener\" data-start=\"428\" data-end=\"462\">https:\/\/serenityhillsmarbella.com\/<\/a> (en adelante, la \u201cWeb\u201d).<\/p>\n<hr data-start=\"489\" data-end=\"492\" \/>\n<h3 data-start=\"494\" data-end=\"540\">2. Aceptaci\u00f3n e identificaci\u00f3n del usuario<\/h3>\n<p data-start=\"542\" data-end=\"775\">Mediante el acceso y navegaci\u00f3n a trav\u00e9s de este Sitio Web, el Usuario reconoce haber le\u00eddo y aceptado la presente Pol\u00edtica de Privacidad y acepta de forma expresa su aplicaci\u00f3n al uso que realice del Sitio Web durante su navegaci\u00f3n.<\/p>\n<p data-start=\"777\" data-end=\"977\">Serenity Hills puede ofrecer, a trav\u00e9s del Sitio Web, servicios que podr\u00e1n encontrarse sometidos a condiciones particulares propias, sobre las cuales se informar\u00e1 a los Usuarios en cada caso concreto.<\/p>\n<p data-start=\"979\" data-end=\"1054\">El Usuario deber\u00e1 identificarse siempre con su correo electr\u00f3nico personal.<\/p>\n<p data-start=\"1056\" data-end=\"1313\">El Usuario garantiza, tanto frente a MADRO\u00d1AL PROYECTOS, S.L. como frente a terceros, la veracidad, exactitud, actualidad y titularidad de los datos e informaci\u00f3n facilitados, respondiendo de cualquier reclamaci\u00f3n que pudiera derivarse de su incumplimiento.<\/p>\n<p data-start=\"1315\" data-end=\"1642\">De conformidad con la legislaci\u00f3n vigente en Espa\u00f1a, para poder utilizar el Sitio Web, el Usuario debe ser mayor de 18 a\u00f1os o, en caso de ser mayor de 14 y menor de 18, contar con la autorizaci\u00f3n de sus padres y\/o tutores legales. Al aceptar la presente Pol\u00edtica de Privacidad, el Usuario garantiza que cumple estos requisitos.<\/p>\n<hr data-start=\"1644\" data-end=\"1647\" \/>\n<h3 data-start=\"1649\" data-end=\"1685\">3. Finalidad de los tratamientos<\/h3>\n<p data-start=\"1687\" data-end=\"1782\">Los datos personales de los Usuarios ser\u00e1n recogidos y tratados con las siguientes finalidades:<\/p>\n<ul data-start=\"1784\" data-end=\"1997\">\n<li data-start=\"1784\" data-end=\"1838\">\n<p data-start=\"1786\" data-end=\"1838\">Gestionar la relaci\u00f3n con MADRO\u00d1AL PROYECTOS, S.L.<\/p>\n<\/li>\n<li data-start=\"1839\" data-end=\"1905\">\n<p data-start=\"1841\" data-end=\"1905\">Gestionar cualquier tipo de consulta realizada por el Usuario.<\/p>\n<\/li>\n<li data-start=\"1906\" data-end=\"1960\">\n<p data-start=\"1908\" data-end=\"1960\">Gestionar su candidatura en procesos de selecci\u00f3n.<\/p>\n<\/li>\n<li data-start=\"1961\" data-end=\"1997\">\n<p data-start=\"1963\" data-end=\"1997\">Incluirle en la bolsa de empleo.<\/p>\n<\/li>\n<\/ul>\n<p data-start=\"1999\" data-end=\"2124\">Dicha informaci\u00f3n se utilizar\u00e1 para contactar con el Usuario en el marco de la relaci\u00f3n profesional, contractual o comercial.<\/p>\n<hr data-start=\"2126\" data-end=\"2129\" \/>\n<h3 data-start=\"2131\" data-end=\"2150\">4. Legitimaci\u00f3n<\/h3>\n<p data-start=\"2152\" data-end=\"2202\">La base legal para el tratamiento de los datos es:<\/p>\n<ul data-start=\"2204\" data-end=\"2441\">\n<li data-start=\"2204\" data-end=\"2275\">\n<p data-start=\"2206\" data-end=\"2275\">La relaci\u00f3n contractual para la prestaci\u00f3n del servicio solicitado.<\/p>\n<\/li>\n<li data-start=\"2276\" data-end=\"2345\">\n<p data-start=\"2278\" data-end=\"2345\">El inter\u00e9s leg\u00edtimo en el mantenimiento de la relaci\u00f3n existente.<\/p>\n<\/li>\n<li data-start=\"2346\" data-end=\"2441\">\n<p data-start=\"2348\" data-end=\"2441\">El consentimiento del Usuario en determinados casos, como en la presentaci\u00f3n de candidaturas.<\/p>\n<\/li>\n<\/ul>\n<hr data-start=\"2443\" data-end=\"2446\" \/>\n<h3 data-start=\"2448\" data-end=\"2463\">5. Duraci\u00f3n<\/h3>\n<p data-start=\"2465\" data-end=\"2594\">MADRO\u00d1AL PROYECTOS, S.L. conservar\u00e1 los datos personales del Usuario en funci\u00f3n de la finalidad para la que hayan sido recabados:<\/p>\n<ul data-start=\"2596\" data-end=\"3075\">\n<li data-start=\"2596\" data-end=\"2780\">\n<p data-start=\"2598\" data-end=\"2780\"><strong data-start=\"2598\" data-end=\"2605\">(i)<\/strong> Para la gesti\u00f3n de la relaci\u00f3n contractual: mientras la relaci\u00f3n est\u00e9 vigente. Una vez finalizada, los datos ser\u00e1n bloqueados con las medidas de seguridad correspondientes.<\/p>\n<\/li>\n<li data-start=\"2781\" data-end=\"2882\">\n<p data-start=\"2783\" data-end=\"2882\"><strong data-start=\"2783\" data-end=\"2791\">(ii)<\/strong> Para procesos de selecci\u00f3n: durante un plazo de 2 a\u00f1os desde el env\u00edo de la candidatura.<\/p>\n<\/li>\n<li data-start=\"2883\" data-end=\"2988\">\n<p data-start=\"2885\" data-end=\"2988\"><strong data-start=\"2885\" data-end=\"2894\">(iii)<\/strong> Para el env\u00edo de comunicaciones comerciales: hasta que el Usuario retire su consentimiento.<\/p>\n<\/li>\n<li data-start=\"2989\" data-end=\"3075\">\n<p data-start=\"2991\" data-end=\"3075\"><strong data-start=\"2991\" data-end=\"2999\">(iv)<\/strong> Para la gesti\u00f3n de consultas: durante el tiempo necesario para resolverlas.<\/p>\n<\/li>\n<\/ul>\n<hr data-start=\"3077\" data-end=\"3080\" \/>\n<h3 data-start=\"3082\" data-end=\"3110\">6. Comunicaci\u00f3n de datos<\/h3>\n<p data-start=\"3112\" data-end=\"3230\">MADRO\u00d1AL PROYECTOS, S.L. no comunicar\u00e1 los datos personales a terceros, salvo previa autorizaci\u00f3n expresa del Usuario.<\/p>\n<hr data-start=\"3232\" data-end=\"3235\" \/>\n<h3 data-start=\"3237\" data-end=\"3253\">7. Seguridad<\/h3>\n<p data-start=\"3255\" data-end=\"3494\">MADRO\u00d1AL PROYECTOS, S.L. ha adoptado las medidas t\u00e9cnicas y organizativas necesarias para garantizar la seguridad de los datos personales y evitar su alteraci\u00f3n, p\u00e9rdida, tratamiento o acceso no autorizado, conforme a la normativa vigente.<\/p>\n<p data-start=\"3496\" data-end=\"3548\">Se han implementado medidas orientadas a garantizar:<\/p>\n<ul data-start=\"3550\" data-end=\"3676\">\n<li data-start=\"3550\" data-end=\"3592\">\n<p data-start=\"3552\" data-end=\"3592\">La confidencialidad de la informaci\u00f3n.<\/p>\n<\/li>\n<li data-start=\"3593\" data-end=\"3624\">\n<p data-start=\"3595\" data-end=\"3624\">La integridad de los datos.<\/p>\n<\/li>\n<li data-start=\"3625\" data-end=\"3676\">\n<p data-start=\"3627\" data-end=\"3676\">La disponibilidad de los sistemas de informaci\u00f3n.<\/p>\n<\/li>\n<\/ul>\n<hr data-start=\"3678\" data-end=\"3681\" \/>\n<h3 data-start=\"3683\" data-end=\"3714\">8. Derechos de los usuarios<\/h3>\n<p data-start=\"3716\" data-end=\"3781\">Los Usuarios pueden ejercer en cualquier momento los derechos de:<\/p>\n<ul data-start=\"3783\" data-end=\"3921\">\n<li data-start=\"3783\" data-end=\"3793\">\n<p data-start=\"3785\" data-end=\"3793\">Acceso<\/p>\n<\/li>\n<li data-start=\"3794\" data-end=\"3811\">\n<p data-start=\"3796\" data-end=\"3811\">Rectificaci\u00f3n<\/p>\n<\/li>\n<li data-start=\"3812\" data-end=\"3825\">\n<p data-start=\"3814\" data-end=\"3825\">Supresi\u00f3n<\/p>\n<\/li>\n<li data-start=\"3826\" data-end=\"3856\">\n<p data-start=\"3828\" data-end=\"3856\">Limitaci\u00f3n del tratamiento<\/p>\n<\/li>\n<li data-start=\"3857\" data-end=\"3870\">\n<p data-start=\"3859\" data-end=\"3870\">Oposici\u00f3n<\/p>\n<\/li>\n<li data-start=\"3871\" data-end=\"3887\">\n<p data-start=\"3873\" data-end=\"3887\">Portabilidad<\/p>\n<\/li>\n<li data-start=\"3888\" data-end=\"3921\">\n<p data-start=\"3890\" data-end=\"3921\">Revocaci\u00f3n del consentimiento<\/p>\n<\/li>\n<\/ul>\n<p data-start=\"3923\" data-end=\"4028\">Para ejercer estos derechos deber\u00e1 enviar una solicitud escrita adjuntando copia de su DNI o pasaporte a:<\/p>\n<p data-start=\"4030\" data-end=\"4191\"><strong data-start=\"4030\" data-end=\"4048\">Correo postal:<\/strong><br data-start=\"4048\" data-end=\"4051\" \/>A la atenci\u00f3n del Delegado de Protecci\u00f3n de Datos<br data-start=\"4100\" data-end=\"4103\" \/>MADRO\u00d1AL PROYECTOS, S.L.<br data-start=\"4127\" data-end=\"4130\" \/>Avenida Ricardo Soriano 55, local 4<br data-start=\"4165\" data-end=\"4168\" \/>29602 Marbella (Espa\u00f1a)<\/p>\n<p data-start=\"4193\" data-end=\"4249\"><strong data-start=\"4193\" data-end=\"4216\">Correo electr\u00f3nico:<\/strong><br data-start=\"4216\" data-end=\"4219\" \/><a class=\"decorated-link cursor-pointer\" rel=\"noopener\" data-start=\"4219\" data-end=\"4249\">info@serenityhillsmarbella.com<\/a><\/p>\n<p data-start=\"4251\" data-end=\"4355\">Asimismo, podr\u00e1 presentar una reclamaci\u00f3n ante la Agencia Espa\u00f1ola de Protecci\u00f3n de Datos (<a class=\"decorated-link\" href=\"http:\/\/www.aepd.es\" target=\"_new\" rel=\"noopener\" data-start=\"4342\" data-end=\"4353\">www.aepd.es<\/a>).<\/p>\n<hr data-start=\"4357\" data-end=\"4360\" \/>\n<h3 data-start=\"4362\" data-end=\"4397\">9. Ley aplicable y jurisdicci\u00f3n<\/h3>\n<p data-start=\"4399\" data-end=\"4491\">La relaci\u00f3n entre MADRO\u00d1AL PROYECTOS, S.L. y el Usuario se regir\u00e1 por la normativa espa\u00f1ola.<\/p>\t\t\t\t\t\t\t\t<\/div>\n\t\t\t\t<div class=\"elementor-element elementor-element-bb7d436 elementor-absolute elementor-widget elementor-widget-image\" data-id=\"bb7d436\" data-element_type=\"widget\" data-e-type=\"widget\" data-settings=\"{&quot;_position&quot;:&quot;absolute&quot;}\" data-widget_type=\"image.default\">\n\t\t\t\t\t\t\t\t\t\t\t\t\t\t\t<img fetchpriority=\"high\" decoding=\"async\" width=\"665\" height=\"622\" src=\"https:\/\/serenityhillsmarbella.com\/wp-content\/uploads\/2025\/12\/CurvasDeNivel.png\" class=\"attachment-large size-large wp-image-15\" alt=\"\" srcset=\"https:\/\/serenityhillsmarbella.com\/wp-content\/uploads\/2025\/12\/CurvasDeNivel.png 665w, https:\/\/serenityhillsmarbella.com\/wp-content\/uploads\/2025\/12\/CurvasDeNivel-300x281.png 300w\" sizes=\"(max-width: 665px) 100vw, 665px\" \/>\t\t\t\t\t\t\t\t\t\t\t\t\t\t\t<\/div>\n\t\t\t\t\t<\/div>\n\t\t\t\t<\/div>\n\t\t\t\t<\/div>","protected":false},"excerpt":{"rendered":"<p>Pol\u00edtica de Privacidad 1. Identidad del responsable de los datos MADRO\u00d1AL PROYECTOS, S.L., con domicilio social en Avenida Ricardo Soriano 55, local 4, 29602 Marbella (Espa\u00f1a) y con CIF B72754039, es titular y administrador del sitio web https:\/\/serenityhillsmarbella.com\/ (en adelante, la \u201cWeb\u201d). 2. Aceptaci\u00f3n e identificaci\u00f3n del usuario Mediante el acceso y navegaci\u00f3n a trav\u00e9s [&hellip;]<\/p>","protected":false},"author":1,"featured_media":0,"parent":0,"menu_order":0,"comment_status":"closed","ping_status":"open","template":"elementor_header_footer","meta":{"footnotes":""},"class_list":["post-3","page","type-page","status-publish","hentry"],"_links":{"self":[{"href":"https:\/\/serenityhillsmarbella.com\/en\/wp-json\/wp\/v2\/pages\/3","targetHints":{"allow":["GET"]}}],"collection":[{"href":"https:\/\/serenityhillsmarbella.com\/en\/wp-json\/wp\/v2\/pages"}],"about":[{"href":"https:\/\/serenityhillsmarbella.com\/en\/wp-json\/wp\/v2\/types\/page"}],"author":[{"embeddable":true,"href":"https:\/\/serenityhillsmarbella.com\/en\/wp-json\/wp\/v2\/users\/1"}],"replies":[{"embeddable":true,"href":"https:\/\/serenityhillsmarbella.com\/en\/wp-json\/wp\/v2\/comments?post=3"}],"version-history":[{"count":19,"href":"https:\/\/serenityhillsmarbella.com\/en\/wp-json\/wp\/v2\/pages\/3\/revisions"}],"predecessor-version":[{"id":243,"href":"https:\/\/serenityhillsmarbella.com\/en\/wp-json\/wp\/v2\/pages\/3\/revisions\/243"}],"wp:attachment":[{"href":"https:\/\/serenityhillsmarbella.com\/en\/wp-json\/wp\/v2\/media?parent=3"}],"curies":[{"name":"wp","href":"https:\/\/api.w.org\/{rel}","templated":true}]}}