{"id":278,"date":"2026-04-24T10:05:38","date_gmt":"2026-04-24T08:05:38","guid":{"rendered":"https:\/\/serenityhillsmarbella.com\/?page_id=278"},"modified":"2026-04-27T11:31:06","modified_gmt":"2026-04-27T09:31:06","slug":"aviso-legal","status":"publish","type":"page","link":"https:\/\/serenityhillsmarbella.com\/en\/aviso-legal\/","title":{"rendered":"Legal Notice"},"content":{"rendered":"<div data-elementor-type=\"wp-page\" data-elementor-id=\"278\" class=\"elementor elementor-278\" data-elementor-post-type=\"page\">\n\t\t\t\t<div class=\"elementor-element elementor-element-14d4d1fc e-flex e-con-boxed e-con e-parent\" data-id=\"14d4d1fc\" data-element_type=\"container\" data-e-type=\"container\" data-settings=\"{&quot;background_background&quot;:&quot;classic&quot;}\">\n\t\t\t\t\t<div class=\"e-con-inner\">\n\t\t\t\t\t<\/div>\n\t\t\t\t<\/div>\n\t\t<div class=\"elementor-element elementor-element-2c2d6b5f e-flex e-con-boxed e-con e-parent\" data-id=\"2c2d6b5f\" data-element_type=\"container\" data-e-type=\"container\">\n\t\t\t\t\t<div class=\"e-con-inner\">\n\t\t\t\t<div class=\"elementor-element elementor-element-51936afb elementor-widget elementor-widget-text-editor\" data-id=\"51936afb\" data-element_type=\"widget\" data-e-type=\"widget\" data-widget_type=\"text-editor.default\">\n\t\t\t\t\t\t\t\t\t<h2 data-start=\"181\" data-end=\"206\">Legal notice<\/h2><p>In accordance with Article 10 of Law 34\/2002 on Information Society Services and Electronic Commerce, we hereby provide the user with our details:<\/p><p>Company name: MADRO\u00d1AL PROYECTOS, S.L.<\/p><p>CIF: B-72754039,<\/p><p>whose registered office is at Avenida Ricardo Soriano 55, Unit 4, 29602 Marbella (Spain)<\/p><p>Email address for notifications: <a class=\"decorated-link cursor-pointer\" rel=\"noopener\" data-start=\"4219\" data-end=\"4249\">info@serenityhillsmarbella.com<\/a><\/p><p>Web page:\u00a0<\/p><p>www.serenityhills.com<\/p><p><strong>Purpose<\/strong><br \/>The provider, who is responsible for the website, makes this document available to users in order to comply with the obligations set out in Law 34\/2002 on Information Society Services and Electronic Commerce (LSSI-CE), and to inform all users of the website of the terms and conditions of use of the website.<\/p><p>Any person accessing this website assumes the role of a user and undertakes to observe and strictly comply with the provisions set out herein, as well as any other applicable legal provisions.<\/p><p>The provider reserves the right to modify any information that may appear on the website, without any obligation to give prior notice or inform users of such changes; publication on the provider\u2019s website shall be deemed sufficient.<\/p><p><strong>Liability<\/strong><br \/>The provider accepts no liability whatsoever for any information published on its website, provided that such information has been altered or entered by a third party not affiliated with the provider.<\/p><p>The provider\u2019s website may use cookies (small data files sent by the server to the computer of the user accessing the site) to perform certain functions that are considered essential for the proper functioning and display of the site. The cookies used on the website are, in all cases, temporary in nature, with the sole purpose of making their subsequent transmission more efficient, and they disappear when the user\u2019s session ends. Under no circumstances will cookies be used to collect personal information.<\/p><p>The customer\u2019s website may contain links to content on third-party websites. As the provider cannot always control the content posted by third parties on their websites, the provider accepts no liability whatsoever for such content. In any event, the provider states that it will immediately remove any content that may contravene national or international law, morality or public order, and will immediately remove the link to such a website, whilst bringing the content in question to the attention of the competent authorities.<\/p><p>The provider accepts no liability for the information and content stored, including but not limited to, in forums, chat rooms, blog generators, comments, social media or any other medium that allows third parties to publish content independently on the provider\u2019s website. However, in compliance with the provisions of Articles 11 and 16 of the LSSI-CE, the provider makes itself available to all users, authorities and law enforcement agencies, and actively cooperates in the removal or, where appropriate, blocking of any content that may affect or contravene national or international legislation, the rights of third parties, or public morality and order. Should the user consider that there is any content on the website that could fall under this classification, please notify the website administrator immediately.<\/p><p>This website has been checked and tested to ensure it functions correctly. In principle, it can be guaranteed to function correctly 365 days a year, 24 hours a day. However, the provider cannot rule out the possibility of certain programming errors, or the occurrence of force majeure, natural disasters, strikes or similar circumstances that may make it impossible to access the website.<\/p><p>Intellectual and Industrial Property<br \/>The website, including but not limited to its programming, editing, compilation and other elements necessary for its operation, as well as the designs, logos, text and\/or graphics, are the property of the provider or, where applicable, the provider holds a licence or express authorisation from the authors. All content on the website is duly protected by intellectual and industrial property legislation and is registered in the relevant public registers.<\/p><p>Regardless of the purpose for which they are intended, the total or partial reproduction, use, exploitation, distribution and marketing of the content requires, in all cases, the prior written authorisation of the provider. Any use not previously authorised by the provider shall be considered a serious infringement of the author\u2019s intellectual or industrial property rights.<\/p><p>Any designs, logos, text and\/or graphics not belonging to the provider that may appear on the website are the property of their respective owners, who are themselves liable for any disputes that may arise in relation to them. In any event, the provider has obtained their express prior authorisation.<\/p><p>The provider expressly does NOT authorise third parties to link directly to specific content on the website; in all cases, they must link to the provider\u2019s main website.<\/p><p>The provider acknowledges the relevant industrial and intellectual property rights of their respective owners; the mere mention or appearance of such rights on the website does not imply that the provider holds any rights or bears any liability in relation to them, nor does it imply any endorsement, sponsorship or recommendation by the provider.<\/p><p>If you wish to make any comments regarding potential infringements of intellectual or industrial property rights, or regarding any of the content on the website, please do so via the following email address.<\/p><p>Accuracy of the information<br \/>All information provided by the User must be accurate. To this end, the User guarantees the authenticity of the data provided via the forms used to subscribe to the Services. It is the User\u2019s responsibility to ensure that all information provided to MADRO\u00d1AL PROYECTOS, S.L. is kept up to date at all times so that it reflects their actual circumstances at any given moment. In any event, the User shall be solely liable for any false or inaccurate statements made and for any damage caused to the provider or to third parties.<\/p><p>Minors<br \/>In order to use the services, minors must always obtain prior consent from their parents, guardians or legal representatives, who are ultimately responsible for all actions carried out by the minors in their care. The responsibility for determining the specific content to which minors have access lies with the latter; therefore, if they access inappropriate content online, mechanisms must be installed on their computers \u2013 in particular software, filters and blocking tools \u2013 to limit the content available. Although these are not foolproof, they are particularly useful for controlling and restricting the material to which minors can access.<\/p><p>Obligation to use the website properly<br \/>The User undertakes to use the Website in accordance with the law and this Legal Notice, as well as with moral standards and good practice. To this end, the User shall refrain from using the Website for unlawful or prohibited purposes, or in any way that infringes the rights and interests of third parties, or that in any way may damage, render useless, overload, impair or hinder the normal use of computer equipment or documents, files and all types of content stored on any of the Provider\u2019s computer systems.<\/p><p>In particular, and by way of example but not limited to, the User undertakes not to transmit, disseminate or make available to third parties any information, data, content, messages, graphics, drawings, sound or image files, photographs, recordings, software or, in general, any kind of material that:<\/p><p>(a) is contrary to, disregards or infringes upon the fundamental rights and civil liberties recognised in the Constitution, in international treaties and in other applicable legislation;<\/p><p>(b) induces, incites or promotes criminal, defamatory, libellous, violent or, in general, unlawful, immoral or disorderly conduct;<\/p><p>(c) induces, incites or promotes discriminatory behaviour, attitudes or thoughts on the grounds of sex, race, religion, beliefs, age or status;<\/p><p>(d) infringes upon a person\u2019s right to honour, to personal or family privacy, or to their own image;<\/p><p>(e) in any way undermines the credibility of the provider or third parties; and<\/p><p>(f) constitutes unlawful, misleading or unfair advertising.<\/p><p>Governing Law and Jurisdiction<br \/>In the event of any dispute or issue arising in connection with this website or the activities carried out on it, Spanish law shall apply, to which the parties expressly submit; the courts and tribunals of Marbella shall have jurisdiction to resolve any disputes arising from or in connection with its use.<\/p>\t\t\t\t\t\t\t\t<\/div>\n\t\t\t\t\t<\/div>\n\t\t\t\t<\/div>\n\t\t\t\t<\/div>","protected":false},"excerpt":{"rendered":"<p>Aviso legal Con la finalidad de dar cumplimiento al art\u00edculo 10 de la Ley 34\/2002 de Servicios de la Sociedad de la Informaci\u00f3n y Comercio Electr\u00f3nico, informamos al usuario de nuestros datos: Raz\u00f3n Social: MADRO\u00d1AL PROYECTOS, S.L CIF: B-72754039, con domicilio social en Avenida Ricardo Soriano 55, local 4, 29602 Marbella (Espa\u00f1a) Email para notificaciones: [&hellip;]<\/p>\n","protected":false},"author":1,"featured_media":0,"parent":0,"menu_order":0,"comment_status":"closed","ping_status":"closed","template":"elementor_header_footer","meta":{"footnotes":""},"class_list":["post-278","page","type-page","status-publish","hentry"],"_links":{"self":[{"href":"https:\/\/serenityhillsmarbella.com\/en\/wp-json\/wp\/v2\/pages\/278","targetHints":{"allow":["GET"]}}],"collection":[{"href":"https:\/\/serenityhillsmarbella.com\/en\/wp-json\/wp\/v2\/pages"}],"about":[{"href":"https:\/\/serenityhillsmarbella.com\/en\/wp-json\/wp\/v2\/types\/page"}],"author":[{"embeddable":true,"href":"https:\/\/serenityhillsmarbella.com\/en\/wp-json\/wp\/v2\/users\/1"}],"replies":[{"embeddable":true,"href":"https:\/\/serenityhillsmarbella.com\/en\/wp-json\/wp\/v2\/comments?post=278"}],"version-history":[{"count":19,"href":"https:\/\/serenityhillsmarbella.com\/en\/wp-json\/wp\/v2\/pages\/278\/revisions"}],"predecessor-version":[{"id":317,"href":"https:\/\/serenityhillsmarbella.com\/en\/wp-json\/wp\/v2\/pages\/278\/revisions\/317"}],"wp:attachment":[{"href":"https:\/\/serenityhillsmarbella.com\/en\/wp-json\/wp\/v2\/media?parent=278"}],"curies":[{"name":"wp","href":"https:\/\/api.w.org\/{rel}","templated":true}]}}